{"id":1351,"date":"2024-02-05T18:25:14","date_gmt":"2024-02-05T18:25:14","guid":{"rendered":"https:\/\/campingdontaco.com\/?page_id=1351"},"modified":"2025-07-19T18:14:46","modified_gmt":"2025-07-19T18:14:46","slug":"snorkeling-bahia-san-agustin","status":"publish","type":"page","link":"https:\/\/campingdontaco.com\/es\/snorkeling-bahia-san-agustin\/","title":{"rendered":"SNORKELING BAHIA SAN AGUSTIN"},"content":{"rendered":"<div data-elementor-type=\"wp-page\" data-elementor-id=\"1351\" class=\"elementor elementor-1351\" data-elementor-settings=\"{&quot;ha_cmc_init_switcher&quot;:&quot;no&quot;}\">\n\t\t\t\t<div class=\"elementor-element elementor-element-bf17282 e-flex e-con-boxed e-con e-parent\" data-id=\"bf17282\" data-element_type=\"container\" data-e-type=\"container\" data-settings=\"{&quot;_ha_eqh_enable&quot;:false}\">\n\t\t\t\t\t<div class=\"e-con-inner\">\n\t\t\t\t<div class=\"elementor-element elementor-element-e17c60b hfe-nav-menu__align-center hfe-submenu-icon-arrow hfe-submenu-animation-none hfe-link-redirect-child hfe-nav-menu__breakpoint-tablet elementor-widget elementor-widget-navigation-menu\" data-id=\"e17c60b\" data-element_type=\"widget\" data-e-type=\"widget\" data-settings=\"{&quot;padding_horizontal_menu_item&quot;:{&quot;unit&quot;:&quot;px&quot;,&quot;size&quot;:15,&quot;sizes&quot;:[]},&quot;padding_horizontal_menu_item_tablet&quot;:{&quot;unit&quot;:&quot;px&quot;,&quot;size&quot;:&quot;&quot;,&quot;sizes&quot;:[]},&quot;padding_horizontal_menu_item_mobile&quot;:{&quot;unit&quot;:&quot;px&quot;,&quot;size&quot;:&quot;&quot;,&quot;sizes&quot;:[]},&quot;padding_vertical_menu_item&quot;:{&quot;unit&quot;:&quot;px&quot;,&quot;size&quot;:15,&quot;sizes&quot;:[]},&quot;padding_vertical_menu_item_tablet&quot;:{&quot;unit&quot;:&quot;px&quot;,&quot;size&quot;:&quot;&quot;,&quot;sizes&quot;:[]},&quot;padding_vertical_menu_item_mobile&quot;:{&quot;unit&quot;:&quot;px&quot;,&quot;size&quot;:&quot;&quot;,&quot;sizes&quot;:[]},&quot;menu_space_between&quot;:{&quot;unit&quot;:&quot;px&quot;,&quot;size&quot;:&quot;&quot;,&quot;sizes&quot;:[]},&quot;menu_space_between_tablet&quot;:{&quot;unit&quot;:&quot;px&quot;,&quot;size&quot;:&quot;&quot;,&quot;sizes&quot;:[]},&quot;menu_space_between_mobile&quot;:{&quot;unit&quot;:&quot;px&quot;,&quot;size&quot;:&quot;&quot;,&quot;sizes&quot;:[]},&quot;menu_row_space&quot;:{&quot;unit&quot;:&quot;px&quot;,&quot;size&quot;:&quot;&quot;,&quot;sizes&quot;:[]},&quot;menu_row_space_tablet&quot;:{&quot;unit&quot;:&quot;px&quot;,&quot;size&quot;:&quot;&quot;,&quot;sizes&quot;:[]},&quot;menu_row_space_mobile&quot;:{&quot;unit&quot;:&quot;px&quot;,&quot;size&quot;:&quot;&quot;,&quot;sizes&quot;:[]},&quot;dropdown_border_radius&quot;:{&quot;unit&quot;:&quot;px&quot;,&quot;top&quot;:&quot;&quot;,&quot;right&quot;:&quot;&quot;,&quot;bottom&quot;:&quot;&quot;,&quot;left&quot;:&quot;&quot;,&quot;isLinked&quot;:true},&quot;dropdown_border_radius_tablet&quot;:{&quot;unit&quot;:&quot;px&quot;,&quot;top&quot;:&quot;&quot;,&quot;right&quot;:&quot;&quot;,&quot;bottom&quot;:&quot;&quot;,&quot;left&quot;:&quot;&quot;,&quot;isLinked&quot;:true},&quot;dropdown_border_radius_mobile&quot;:{&quot;unit&quot;:&quot;px&quot;,&quot;top&quot;:&quot;&quot;,&quot;right&quot;:&quot;&quot;,&quot;bottom&quot;:&quot;&quot;,&quot;left&quot;:&quot;&quot;,&quot;isLinked&quot;:true},&quot;width_dropdown_item&quot;:{&quot;unit&quot;:&quot;px&quot;,&quot;size&quot;:&quot;220&quot;,&quot;sizes&quot;:[]},&quot;width_dropdown_item_tablet&quot;:{&quot;unit&quot;:&quot;px&quot;,&quot;size&quot;:&quot;&quot;,&quot;sizes&quot;:[]},&quot;width_dropdown_item_mobile&quot;:{&quot;unit&quot;:&quot;px&quot;,&quot;size&quot;:&quot;&quot;,&quot;sizes&quot;:[]},&quot;padding_horizontal_dropdown_item&quot;:{&quot;unit&quot;:&quot;px&quot;,&quot;size&quot;:&quot;&quot;,&quot;sizes&quot;:[]},&quot;padding_horizontal_dropdown_item_tablet&quot;:{&quot;unit&quot;:&quot;px&quot;,&quot;size&quot;:&quot;&quot;,&quot;sizes&quot;:[]},&quot;padding_horizontal_dropdown_item_mobile&quot;:{&quot;unit&quot;:&quot;px&quot;,&quot;size&quot;:&quot;&quot;,&quot;sizes&quot;:[]},&quot;padding_vertical_dropdown_item&quot;:{&quot;unit&quot;:&quot;px&quot;,&quot;size&quot;:15,&quot;sizes&quot;:[]},&quot;padding_vertical_dropdown_item_tablet&quot;:{&quot;unit&quot;:&quot;px&quot;,&quot;size&quot;:&quot;&quot;,&quot;sizes&quot;:[]},&quot;padding_vertical_dropdown_item_mobile&quot;:{&quot;unit&quot;:&quot;px&quot;,&quot;size&quot;:&quot;&quot;,&quot;sizes&quot;:[]},&quot;distance_from_menu&quot;:{&quot;unit&quot;:&quot;px&quot;,&quot;size&quot;:&quot;&quot;,&quot;sizes&quot;:[]},&quot;distance_from_menu_tablet&quot;:{&quot;unit&quot;:&quot;px&quot;,&quot;size&quot;:&quot;&quot;,&quot;sizes&quot;:[]},&quot;distance_from_menu_mobile&quot;:{&quot;unit&quot;:&quot;px&quot;,&quot;size&quot;:&quot;&quot;,&quot;sizes&quot;:[]},&quot;toggle_size&quot;:{&quot;unit&quot;:&quot;px&quot;,&quot;size&quot;:&quot;&quot;,&quot;sizes&quot;:[]},&quot;toggle_size_tablet&quot;:{&quot;unit&quot;:&quot;px&quot;,&quot;size&quot;:&quot;&quot;,&quot;sizes&quot;:[]},&quot;toggle_size_mobile&quot;:{&quot;unit&quot;:&quot;px&quot;,&quot;size&quot;:&quot;&quot;,&quot;sizes&quot;:[]},&quot;toggle_border_width&quot;:{&quot;unit&quot;:&quot;px&quot;,&quot;size&quot;:&quot;&quot;,&quot;sizes&quot;:[]},&quot;toggle_border_width_tablet&quot;:{&quot;unit&quot;:&quot;px&quot;,&quot;size&quot;:&quot;&quot;,&quot;sizes&quot;:[]},&quot;toggle_border_width_mobile&quot;:{&quot;unit&quot;:&quot;px&quot;,&quot;size&quot;:&quot;&quot;,&quot;sizes&quot;:[]},&quot;toggle_border_radius&quot;:{&quot;unit&quot;:&quot;px&quot;,&quot;size&quot;:&quot;&quot;,&quot;sizes&quot;:[]},&quot;toggle_border_radius_tablet&quot;:{&quot;unit&quot;:&quot;px&quot;,&quot;size&quot;:&quot;&quot;,&quot;sizes&quot;:[]},&quot;toggle_border_radius_mobile&quot;:{&quot;unit&quot;:&quot;px&quot;,&quot;size&quot;:&quot;&quot;,&quot;sizes&quot;:[]}}\" data-widget_type=\"navigation-menu.default\">\n\t\t\t\t<div class=\"elementor-widget-container\">\n\t\t\t\t\t\t\t\t<div class=\"hfe-nav-menu hfe-layout-horizontal hfe-nav-menu-layout horizontal hfe-pointer__none\" data-layout=\"horizontal\">\n\t\t\t\t<div role=\"button\" class=\"hfe-nav-menu__toggle elementor-clickable\" tabindex=\"0\" aria-label=\"Menu Toggle\">\n\t\t\t\t\t<span class=\"screen-reader-text\">Men\u00fa<\/span>\n\t\t\t\t\t<div class=\"hfe-nav-menu-icon\">\n\t\t\t\t\t\t<i aria-hidden=\"true\"  class=\"fas fa-align-justify\"><\/i>\t\t\t\t\t<\/div>\n\t\t\t\t<\/div>\n\t\t\t\t<nav class=\"hfe-nav-menu__layout-horizontal hfe-nav-menu__submenu-arrow\" data-toggle-icon=\"&lt;i aria-hidden=&quot;true&quot; tabindex=&quot;0&quot; class=&quot;fas fa-align-justify&quot;&gt;&lt;\/i&gt;\" data-close-icon=\"&lt;i aria-hidden=&quot;true&quot; tabindex=&quot;0&quot; class=&quot;far fa-window-close&quot;&gt;&lt;\/i&gt;\" data-full-width=\"yes\">\n\t\t\t\t\t<ul id=\"menu-1-e17c60b\" class=\"hfe-nav-menu\"><li id=\"menu-item-29\" class=\"menu-item menu-item-type-post_type menu-item-object-page menu-item-home parent hfe-creative-menu\"><a href=\"https:\/\/campingdontaco.com\/es\/\" class = \"hfe-menu-item\">HOME<\/a><\/li>\n<li id=\"menu-item-1481\" class=\"menu-item menu-item-type-post_type menu-item-object-page menu-item-has-children parent hfe-has-submenu hfe-creative-menu\"><div class=\"hfe-has-submenu-container\" tabindex=\"0\" role=\"button\" aria-haspopup=\"true\" aria-expanded=\"false\"><a href=\"https:\/\/campingdontaco.com\/es\/don-taco-rv-park-bahia-de-san-agustin\/\" class = \"hfe-menu-item\">ABOUT<span class='hfe-menu-toggle sub-arrow hfe-menu-child-0'><i class='fa'><\/i><\/span><\/a><\/div>\n<ul class=\"sub-menu\">\n\t<li id=\"menu-item-1902\" class=\"menu-item menu-item-type-post_type menu-item-object-page hfe-creative-menu\"><a href=\"https:\/\/campingdontaco.com\/es\/don-taco-campsite-reviews-bahia-san-agustin\/\" class = \"hfe-sub-menu-item\">Our Reviews<\/a><\/li>\n<\/ul>\n<\/li>\n<li id=\"menu-item-2937\" class=\"menu-item menu-item-type-custom menu-item-object-custom menu-item-has-children parent hfe-has-submenu hfe-creative-menu\"><div class=\"hfe-has-submenu-container\" tabindex=\"0\" role=\"button\" aria-haspopup=\"true\" aria-expanded=\"false\"><a href=\"#\" class = \"hfe-menu-item\">COSAS QUE HACER<span class='hfe-menu-toggle sub-arrow hfe-menu-child-0'><i class='fa'><\/i><\/span><\/a><\/div>\n<ul class=\"sub-menu\">\n\t<li id=\"menu-item-1483\" class=\"menu-item menu-item-type-post_type menu-item-object-page hfe-creative-menu\"><a href=\"https:\/\/campingdontaco.com\/es\/snorkeling-bahia-san-agustin\/\" class = \"hfe-sub-menu-item\">SNORKELING<\/a><\/li>\n\t<li id=\"menu-item-1505\" class=\"menu-item menu-item-type-post_type menu-item-object-page hfe-creative-menu\"><a href=\"https:\/\/campingdontaco.com\/es\/whales-dolphins-tour\/\" class = \"hfe-sub-menu-item\">WHALES &#038; DOLPHINS<\/a><\/li>\n\t<li id=\"menu-item-1484\" class=\"menu-item menu-item-type-post_type menu-item-object-page hfe-creative-menu\"><a href=\"https:\/\/campingdontaco.com\/es\/sportfishing-bahia-san-agustin\/\" class = \"hfe-sub-menu-item\">SPORTFISHING<\/a><\/li>\n\t<li id=\"menu-item-1482\" class=\"menu-item menu-item-type-post_type menu-item-object-page hfe-creative-menu\"><a href=\"https:\/\/campingdontaco.com\/es\/bahia-san-agustin-things-to-do\/\" class = \"hfe-sub-menu-item\">BAHIA SAN AGUSTIN TOURS AND THINGS TO DO<\/a><\/li>\n<\/ul>\n<\/li>\n<li id=\"menu-item-640\" class=\"menu-item menu-item-type-post_type menu-item-object-page parent hfe-creative-menu\"><a href=\"https:\/\/campingdontaco.com\/es\/contact-us-faqs\/\" class = \"hfe-menu-item\">CONTACT<\/a><\/li>\n<li id=\"menu-item-1118\" class=\"trp-language-switcher-container menu-item menu-item-type-post_type menu-item-object-language_switcher current-language-menu-item parent hfe-creative-menu\"><a href=\"https:\/\/campingdontaco.com\/es\/wp-json\/wp\/v2\/pages\/1351\" class = \"hfe-menu-item\"><span data-no-translation><img decoding=\"async\" class=\"trp-flag-image\" src=\"https:\/\/campingdontaco.com\/wp-content\/plugins\/translatepress-multilingual\/assets\/images\/flags\/es_MX.png\" width=\"18\" height=\"12\" alt=\"es_MX\" title=\"traducir p\u00e1gina web al espa\u00f1ol\"><span class=\"trp-ls-language-name\">traducir p\u00e1gina web al espa\u00f1ol<\/span><\/span><\/a><\/li>\n<\/ul> \n\t\t\t\t<\/nav>\n\t\t\t<\/div>\n\t\t\t\t\t\t\t<\/div>\n\t\t\t\t<\/div>\n\t\t\t\t\t<\/div>\n\t\t\t\t<\/div>\n\t\t<div class=\"elementor-element elementor-element-9f25e12 e-flex e-con-boxed e-con e-parent\" data-id=\"9f25e12\" data-element_type=\"container\" data-e-type=\"container\" data-settings=\"{&quot;_ha_eqh_enable&quot;:false}\">\n\t\t\t\t\t<div class=\"e-con-inner\">\n\t\t\t\t<div class=\"elementor-element elementor-element-24f81f7 elementor-widget elementor-widget-spacer\" data-id=\"24f81f7\" data-element_type=\"widget\" data-e-type=\"widget\" data-widget_type=\"spacer.default\">\n\t\t\t\t<div class=\"elementor-widget-container\">\n\t\t\t\t\t\t\t<div class=\"elementor-spacer\">\n\t\t\t<div class=\"elementor-spacer-inner\"><\/div>\n\t\t<\/div>\n\t\t\t\t\t\t<\/div>\n\t\t\t\t<\/div>\n\t\t\t\t\t<\/div>\n\t\t\t\t<\/div>\n\t\t<div class=\"elementor-element elementor-element-48a088e e-flex e-con-boxed e-con e-parent\" data-id=\"48a088e\" data-element_type=\"container\" data-e-type=\"container\" data-settings=\"{&quot;_ha_eqh_enable&quot;:false}\">\n\t\t\t\t\t<div class=\"e-con-inner\">\n\t\t\t\t<div class=\"elementor-element elementor-element-7b22051 elementor-widget elementor-widget-heading\" data-id=\"7b22051\" data-element_type=\"widget\" data-e-type=\"widget\" data-widget_type=\"heading.default\">\n\t\t\t\t<div class=\"elementor-widget-container\">\n\t\t\t\t\t<h2 class=\"elementor-heading-title elementor-size-default\">SNORKELING BAHIA SAN AGUSTIN<\/h2>\t\t\t\t<\/div>\n\t\t\t\t<\/div>\n\t\t\t\t\t<\/div>\n\t\t\t\t<\/div>\n\t\t<div class=\"elementor-element elementor-element-067a571 e-flex e-con-boxed e-con e-parent\" data-id=\"067a571\" data-element_type=\"container\" data-e-type=\"container\" data-settings=\"{&quot;_ha_eqh_enable&quot;:false}\">\n\t\t\t\t\t<div class=\"e-con-inner\">\n\t\t\t\t\t<\/div>\n\t\t\t\t<\/div>\n\t\t<div class=\"elementor-element elementor-element-7c5a41d e-flex e-con-boxed e-con e-parent\" data-id=\"7c5a41d\" data-element_type=\"container\" data-e-type=\"container\" data-settings=\"{&quot;_ha_eqh_enable&quot;:false}\">\n\t\t\t\t\t<div class=\"e-con-inner\">\n\t\t\t\t<div class=\"elementor-element elementor-element-dfdf8bf elementor-widget elementor-widget-html\" data-id=\"dfdf8bf\" data-element_type=\"widget\" data-e-type=\"widget\" data-widget_type=\"html.default\">\n\t\t\t\t<div class=\"elementor-widget-container\">\n\t\t\t\t\t<iframe width=\"560\" height=\"450\" src=\"https:\/\/www.youtube.com\/embed\/6He-bYx3yWw?si=EQF1KnqNOFTpEluZ\" title=\"YouTube video player\" frameborder=\"0\" allow=\"accelerometer; autoplay; clipboard-write; encrypted-media; gyroscope; picture-in-picture; web-share\" allowfullscreen><\/iframe>\t\t\t\t<\/div>\n\t\t\t\t<\/div>\n\t\t\t\t\t<\/div>\n\t\t\t\t<\/div>\n\t\t<div class=\"elementor-element elementor-element-a6f09b6 e-flex e-con-boxed e-con e-parent\" data-id=\"a6f09b6\" data-element_type=\"container\" data-e-type=\"container\" data-settings=\"{&quot;_ha_eqh_enable&quot;:false}\">\n\t\t\t\t\t<div class=\"e-con-inner\">\n\t\t<div class=\"elementor-element elementor-element-ff5f8c0 e-con-full e-flex e-con e-child\" data-id=\"ff5f8c0\" data-element_type=\"container\" data-e-type=\"container\" data-settings=\"{&quot;_ha_eqh_enable&quot;:false}\">\n\t\t\t\t<div class=\"elementor-element elementor-element-3a646df elementor-widget elementor-widget-text-editor\" data-id=\"3a646df\" data-element_type=\"widget\" data-e-type=\"widget\" data-widget_type=\"text-editor.default\">\n\t\t\t\t<div class=\"elementor-widget-container\">\n\t\t\t\t\t\t\t\t\t<p data-start=\"435\" data-end=\"976\"><strong data-start=\"435\" data-end=\"523\">Snorkeling in Bah\u00eda San Agust\u00edn is one of the best-kept secrets of Huatulco, Mexico.<\/strong> With crystal-clear waters, calm tides, and thriving coral reefs, this hidden bay offers a truly unforgettable underwater experience. Whether you&#8217;re a first-timer or an experienced snorkeler, you\u2019ll discover vibrant marine life just steps from shore \u2014 including angelfish, sea urchins, parrotfish, and even sea turtles. Thanks to its protected location within <strong data-start=\"883\" data-end=\"909\">Huatulco National Park<\/strong>, the bay remains a pristine snorkeling destination all year round.<\/p><p data-start=\"978\" data-end=\"1480\"><strong data-start=\"978\" data-end=\"1093\">Located directly next to <a class=\"\" href=\"https:\/\/campingdontaco.com\/es\/don-taco-rv-park-bahia-de-san-agustin\/\" target=\"_new\" rel=\"noopener\" data-start=\"1005\" data-end=\"1090\">Don Taco RV Park<\/a>,<\/strong> Bah\u00eda San Agust\u00edn is ideal for beach campers and overlanders looking to relax and explore. Unlike crowded resort zones, this area retains its local charm \u2014 with fresh seafood palapas and palm-lined shores right next to the reef. Guided tours are available, but you can also snorkel on your own. For the best visibility, visit between November and May, when ocean clarity is at its peak.<\/p><p data-start=\"1482\" data-end=\"1835\"><strong data-start=\"1482\" data-end=\"1495\">Fun Fact:<\/strong> Bah\u00eda San Agust\u00edn is home to one of the <strong data-start=\"1536\" data-end=\"1579\">largest shallow coral gardens in Oaxaca<\/strong>, perfect for beginner snorkeling.<br data-start=\"1613\" data-end=\"1616\" \/><strong data-start=\"1616\" data-end=\"1624\">FAQ:<\/strong> <em data-start=\"1625\" data-end=\"1658\">Do I need to bring my own gear?<\/em> Rentals are available from local beach vendors and small tour kiosks.<br data-start=\"1728\" data-end=\"1731\" \/><strong data-start=\"1731\" data-end=\"1739\">FAQ:<\/strong> <em data-start=\"1740\" data-end=\"1762\">Is it safe for kids?<\/em> Yes \u2014 the bay is sheltered and gentle, with easy entry from the beach.<\/p><p data-start=\"1837\" data-end=\"2049\">\ud83d\udc49 Plan your underwater adventure today at our dedicated <a class=\"\" href=\"https:\/\/campingdontaco.com\/es\/snorkeling-bahia-san-agustin\/\" target=\"_new\" rel=\"noopener\" data-start=\"1894\" data-end=\"1987\">Snorkeling Bah\u00eda San Agust\u00edn page<\/a> and make it part of your <strong data-start=\"2013\" data-end=\"2037\">Oaxaca beach camping<\/strong> experience!<\/p>\t\t\t\t\t\t\t\t<\/div>\n\t\t\t\t<\/div>\n\t\t\t\t<\/div>\n\t\t\t\t\t<\/div>\n\t\t\t\t<\/div>\n\t\t<div class=\"elementor-element elementor-element-d1f101b e-flex e-con-boxed e-con e-parent\" data-id=\"d1f101b\" data-element_type=\"container\" data-e-type=\"container\" data-settings=\"{&quot;_ha_eqh_enable&quot;:false}\">\n\t\t\t\t\t<div class=\"e-con-inner\">\n\t\t\t\t<div class=\"elementor-element elementor-element-0f567ee gallery-spacing-custom elementor-widget elementor-widget-image-gallery\" data-id=\"0f567ee\" data-element_type=\"widget\" data-e-type=\"widget\" data-widget_type=\"image-gallery.default\">\n\t\t\t\t<div class=\"elementor-widget-container\">\n\t\t\t\t\t\t\t<div class=\"elementor-image-gallery\">\n\t\t\t<div id='gallery-1' class='gallery galleryid-1351 gallery-columns-4 gallery-size-medium'><figure class='gallery-item'>\n\t\t\t<div class='gallery-icon landscape'>\n\t\t\t\t<a data-elementor-open-lightbox=\"yes\" data-elementor-lightbox-slideshow=\"0f567ee\" data-elementor-lightbox-title=\"Snorkeler Entering the Water\" data-elementor-lightbox-description=\"Visitor snorkeling from the beach at Bah\u00eda San Agust\u00edn, one of the top snorkeling spots in Huatulco, Mexico.\" data-e-action-hash=\"#elementor-action%3Aaction%3Dlightbox%26settings%3DeyJpZCI6MTM5NSwidXJsIjoiaHR0cHM6XC9cL2NhbXBpbmdkb250YWNvLmNvbVwvd3AtY29udGVudFwvdXBsb2Fkc1wvMjAyNFwvMDJcL2NhbXBpbmctZG9uLXRhY28tYmVhY2gtY2FtcGdyb3VuZC1ydi1wYXJrLXNub3JrZWwucG5nIiwic2xpZGVzaG93IjoiMGY1NjdlZSJ9\" href='https:\/\/campingdontaco.com\/wp-content\/uploads\/2024\/02\/camping-don-taco-beach-campground-rv-park-snorkel.png'><img fetchpriority=\"high\" decoding=\"async\" width=\"500\" height=\"333\" src=\"https:\/\/campingdontaco.com\/wp-content\/uploads\/2024\/02\/camping-don-taco-beach-campground-rv-park-snorkel.png\" class=\"attachment-medium size-medium\" alt=\"snorkeling bahia san agustin\" srcset=\"https:\/\/campingdontaco.com\/wp-content\/uploads\/2024\/02\/camping-don-taco-beach-campground-rv-park-snorkel.png 500w, https:\/\/campingdontaco.com\/wp-content\/uploads\/2024\/02\/camping-don-taco-beach-campground-rv-park-snorkel-18x12.png 18w\" sizes=\"(max-width: 500px) 100vw, 500px\" title=\"Bahia San Agustrin\"><\/a>\n\t\t\t<\/div><\/figure><figure class='gallery-item'>\n\t\t\t<div class='gallery-icon landscape'>\n\t\t\t\t<a data-elementor-open-lightbox=\"yes\" data-elementor-lightbox-slideshow=\"0f567ee\" data-elementor-lightbox-title=\"Snorkeling Bahia San Agustin\" data-elementor-lightbox-description=\"Colorful coral reef and tropical fish spotted while snorkeling in Bah\u00eda San Agust\u00edn, Huatulco, Oaxaca.\" data-e-action-hash=\"#elementor-action%3Aaction%3Dlightbox%26settings%3DeyJpZCI6MTM5NCwidXJsIjoiaHR0cHM6XC9cL2NhbXBpbmdkb250YWNvLmNvbVwvd3AtY29udGVudFwvdXBsb2Fkc1wvMjAyNFwvMDJcLzMtc25vcmtlbGluZy1lcy5wbmciLCJzbGlkZXNob3ciOiIwZjU2N2VlIn0%3D\" href='https:\/\/campingdontaco.com\/wp-content\/uploads\/2024\/02\/3-snorkeling-es.png'><img decoding=\"async\" width=\"500\" height=\"332\" src=\"https:\/\/campingdontaco.com\/wp-content\/uploads\/2024\/02\/3-snorkeling-es.png\" class=\"attachment-medium size-medium\" alt=\"Snorkeling Bahia San Agustin\" srcset=\"https:\/\/campingdontaco.com\/wp-content\/uploads\/2024\/02\/3-snorkeling-es.png 500w, https:\/\/campingdontaco.com\/wp-content\/uploads\/2024\/02\/3-snorkeling-es-18x12.png 18w\" sizes=\"(max-width: 500px) 100vw, 500px\" title=\"Bahia San Agustrin\"><\/a>\n\t\t\t<\/div><\/figure><figure class='gallery-item'>\n\t\t\t<div class='gallery-icon landscape'>\n\t\t\t\t<a data-elementor-open-lightbox=\"yes\" data-elementor-lightbox-slideshow=\"0f567ee\" data-elementor-lightbox-title=\"Snorkeling Over Coral Gardens in Huatulco\" data-elementor-lightbox-description=\"Snorkeler gliding over vibrant coral gardens in Bah\u00eda San Agust\u00edn, a must-visit reef in Huatulco for marine lovers.\" data-e-action-hash=\"#elementor-action%3Aaction%3Dlightbox%26settings%3DeyJpZCI6NDkzLCJ1cmwiOiJodHRwczpcL1wvY2FtcGluZ2RvbnRhY28uY29tXC93cC1jb250ZW50XC91cGxvYWRzXC8yMDI0XC8wMVwvc25vcmtlbGluZy1kb24tdGFjby1jYW1waW5nLndlYnAiLCJzbGlkZXNob3ciOiIwZjU2N2VlIn0%3D\" href='https:\/\/campingdontaco.com\/wp-content\/uploads\/2024\/01\/snorkeling-don-taco-camping.webp'><img loading=\"lazy\" decoding=\"async\" width=\"1920\" height=\"1440\" src=\"https:\/\/campingdontaco.com\/wp-content\/uploads\/2024\/01\/snorkeling-don-taco-camping.webp\" class=\"attachment-medium size-medium\" alt=\"snorkeling-don-taco-camping and RV park\" srcset=\"https:\/\/campingdontaco.com\/wp-content\/uploads\/2024\/01\/snorkeling-don-taco-camping.webp 1920w, https:\/\/campingdontaco.com\/wp-content\/uploads\/2024\/01\/snorkeling-don-taco-camping-768x576.webp 768w, https:\/\/campingdontaco.com\/wp-content\/uploads\/2024\/01\/snorkeling-don-taco-camping-1536x1152.webp 1536w, https:\/\/campingdontaco.com\/wp-content\/uploads\/2024\/01\/snorkeling-don-taco-camping-16x12.webp 16w\" sizes=\"(max-width: 1920px) 100vw, 1920px\" title=\"Bahia San Agustrin\"><\/a>\n\t\t\t<\/div><\/figure><figure class='gallery-item'>\n\t\t\t<div class='gallery-icon landscape'>\n\t\t\t\t<a data-elementor-open-lightbox=\"yes\" data-elementor-lightbox-slideshow=\"0f567ee\" data-elementor-lightbox-title=\"Snorkeling Bahia San Agustin\" data-elementor-lightbox-description=\"Snorkeling in crystal-clear waters at Bah\u00eda San Agust\u00edn, a peaceful reef destination on the Oaxacan coastline.\" data-e-action-hash=\"#elementor-action%3Aaction%3Dlightbox%26settings%3DeyJpZCI6NDA2LCJ1cmwiOiJodHRwczpcL1wvY2FtcGluZ2RvbnRhY28uY29tXC93cC1jb250ZW50XC91cGxvYWRzXC8yMDI0XC8wMVwvQmFoaWEtU2FuLUFndXN0aW4tX3RoaW5nc190b19kby0xLndlYnAiLCJzbGlkZXNob3ciOiIwZjU2N2VlIn0%3D\" href='https:\/\/campingdontaco.com\/wp-content\/uploads\/2024\/01\/Bahia-San-Agustin-_things_to_do-1.webp'><img loading=\"lazy\" decoding=\"async\" width=\"960\" height=\"720\" src=\"https:\/\/campingdontaco.com\/wp-content\/uploads\/2024\/01\/Bahia-San-Agustin-_things_to_do-1.webp\" class=\"attachment-medium size-medium\" alt=\"Snorkeling Bahia San Agustin\" srcset=\"https:\/\/campingdontaco.com\/wp-content\/uploads\/2024\/01\/Bahia-San-Agustin-_things_to_do-1.webp 960w, https:\/\/campingdontaco.com\/wp-content\/uploads\/2024\/01\/Bahia-San-Agustin-_things_to_do-1-768x576.webp 768w, https:\/\/campingdontaco.com\/wp-content\/uploads\/2024\/01\/Bahia-San-Agustin-_things_to_do-1-16x12.webp 16w\" sizes=\"(max-width: 960px) 100vw, 960px\" title=\"Bahia San Agustrin\"><\/a>\n\t\t\t<\/div><\/figure>\n\t\t<\/div>\n\t\t<\/div>\n\t\t\t\t\t\t<\/div>\n\t\t\t\t<\/div>\n\t\t\t\t\t<\/div>\n\t\t\t\t<\/div>\n\t\t<div class=\"elementor-element elementor-element-6e934724 e-flex e-con-boxed e-con e-parent\" data-id=\"6e934724\" data-element_type=\"container\" data-e-type=\"container\" data-settings=\"{&quot;_ha_eqh_enable&quot;:false}\">\n\t\t\t\t\t<div class=\"e-con-inner\">\n\t\t\t\t<div class=\"elementor-element elementor-element-68ddfa1b elementor-widget elementor-widget-html\" data-id=\"68ddfa1b\" data-element_type=\"widget\" data-e-type=\"widget\" data-widget_type=\"html.default\">\n\t\t\t\t<div class=\"elementor-widget-container\">\n\t\t\t\t\t<script src=\"https:\/\/static.elfsight.com\/platform\/platform.js\" data-use-service-core defer><\/script>\r\n<div class=\"elfsight-app-cdc63f61-98ef-4a8f-9fff-b950ffba0ffb\" data-elfsight-app-lazy><\/div>\t\t\t\t<\/div>\n\t\t\t\t<\/div>\n\t\t\t\t<div class=\"elementor-element elementor-element-6d2972c elementor-widget elementor-widget-spacer\" data-id=\"6d2972c\" data-element_type=\"widget\" data-e-type=\"widget\" data-widget_type=\"spacer.default\">\n\t\t\t\t<div class=\"elementor-widget-container\">\n\t\t\t\t\t\t\t<div class=\"elementor-spacer\">\n\t\t\t<div class=\"elementor-spacer-inner\"><\/div>\n\t\t<\/div>\n\t\t\t\t\t\t<\/div>\n\t\t\t\t<\/div>\n\t\t\t\t\t<\/div>\n\t\t\t\t<\/div>\n\t\t\t\t<\/div>","protected":false},"excerpt":{"rendered":"<p>Menu HOME ABOUT Our Reviews THINGS TO DO SNORKELING WHALES &#038; DOLPHINS SPORTFISHING BAHIA TOURS CONTACT Office: +52 958 144 9032 Espa\u00f1ol de M\u00e9xico SNORKELING BAHIA SAN AGUSTIN Snorkeling in Bah\u00eda San Agust\u00edn is one of the best-kept secrets of Huatulco, Mexico. With crystal-clear waters, calm tides, and thriving coral reefs, this hidden bay offers [&hellip;]<\/p>\n","protected":false},"author":1,"featured_media":0,"parent":0,"menu_order":0,"comment_status":"closed","ping_status":"closed","template":"","meta":{"footnotes":""},"class_list":["post-1351","page","type-page","status-publish","hentry"],"_links":{"self":[{"href":"https:\/\/campingdontaco.com\/es\/wp-json\/wp\/v2\/pages\/1351","targetHints":{"allow":["GET"]}}],"collection":[{"href":"https:\/\/campingdontaco.com\/es\/wp-json\/wp\/v2\/pages"}],"about":[{"href":"https:\/\/campingdontaco.com\/es\/wp-json\/wp\/v2\/types\/page"}],"author":[{"embeddable":true,"href":"https:\/\/campingdontaco.com\/es\/wp-json\/wp\/v2\/users\/1"}],"replies":[{"embeddable":true,"href":"https:\/\/campingdontaco.com\/es\/wp-json\/wp\/v2\/comments?post=1351"}],"version-history":[{"count":8,"href":"https:\/\/campingdontaco.com\/es\/wp-json\/wp\/v2\/pages\/1351\/revisions"}],"predecessor-version":[{"id":3040,"href":"https:\/\/campingdontaco.com\/es\/wp-json\/wp\/v2\/pages\/1351\/revisions\/3040"}],"wp:attachment":[{"href":"https:\/\/campingdontaco.com\/es\/wp-json\/wp\/v2\/media?parent=1351"}],"curies":[{"name":"wp","href":"https:\/\/api.w.org\/{rel}","templated":true}]}}