{"id":1266,"date":"2024-02-05T16:52:12","date_gmt":"2024-02-05T16:52:12","guid":{"rendered":"https:\/\/campingdontaco.com\/?page_id=1266"},"modified":"2025-07-20T17:16:05","modified_gmt":"2025-07-20T17:16:05","slug":"bahia-san-agustin-things-to-do","status":"publish","type":"page","link":"https:\/\/campingdontaco.com\/es\/bahia-san-agustin-things-to-do\/","title":{"rendered":"BAHIA SAN AGUSTIN TOURS AND THINGS TO DO"},"content":{"rendered":"\t\t<div data-elementor-type=\"wp-page\" data-elementor-id=\"1266\" class=\"elementor elementor-1266\" data-elementor-settings=\"{&quot;ha_cmc_init_switcher&quot;:&quot;no&quot;}\">\n\t\t\t\t<div class=\"elementor-element elementor-element-8f92f2b e-flex e-con-boxed e-con e-parent\" data-id=\"8f92f2b\" data-element_type=\"container\" data-e-type=\"container\" data-settings=\"{&quot;_ha_eqh_enable&quot;:false}\">\n\t\t\t\t\t<div class=\"e-con-inner\">\n\t\t\t\t<div class=\"elementor-element elementor-element-05e9632 hfe-nav-menu__align-left hfe-submenu-icon-arrow hfe-submenu-animation-none hfe-link-redirect-child hfe-nav-menu__breakpoint-tablet elementor-widget elementor-widget-navigation-menu\" data-id=\"05e9632\" data-element_type=\"widget\" data-e-type=\"widget\" data-settings=\"{&quot;padding_horizontal_menu_item&quot;:{&quot;unit&quot;:&quot;px&quot;,&quot;size&quot;:15,&quot;sizes&quot;:[]},&quot;padding_horizontal_menu_item_tablet&quot;:{&quot;unit&quot;:&quot;px&quot;,&quot;size&quot;:&quot;&quot;,&quot;sizes&quot;:[]},&quot;padding_horizontal_menu_item_mobile&quot;:{&quot;unit&quot;:&quot;px&quot;,&quot;size&quot;:&quot;&quot;,&quot;sizes&quot;:[]},&quot;padding_vertical_menu_item&quot;:{&quot;unit&quot;:&quot;px&quot;,&quot;size&quot;:15,&quot;sizes&quot;:[]},&quot;padding_vertical_menu_item_tablet&quot;:{&quot;unit&quot;:&quot;px&quot;,&quot;size&quot;:&quot;&quot;,&quot;sizes&quot;:[]},&quot;padding_vertical_menu_item_mobile&quot;:{&quot;unit&quot;:&quot;px&quot;,&quot;size&quot;:&quot;&quot;,&quot;sizes&quot;:[]},&quot;menu_space_between&quot;:{&quot;unit&quot;:&quot;px&quot;,&quot;size&quot;:&quot;&quot;,&quot;sizes&quot;:[]},&quot;menu_space_between_tablet&quot;:{&quot;unit&quot;:&quot;px&quot;,&quot;size&quot;:&quot;&quot;,&quot;sizes&quot;:[]},&quot;menu_space_between_mobile&quot;:{&quot;unit&quot;:&quot;px&quot;,&quot;size&quot;:&quot;&quot;,&quot;sizes&quot;:[]},&quot;menu_row_space&quot;:{&quot;unit&quot;:&quot;px&quot;,&quot;size&quot;:&quot;&quot;,&quot;sizes&quot;:[]},&quot;menu_row_space_tablet&quot;:{&quot;unit&quot;:&quot;px&quot;,&quot;size&quot;:&quot;&quot;,&quot;sizes&quot;:[]},&quot;menu_row_space_mobile&quot;:{&quot;unit&quot;:&quot;px&quot;,&quot;size&quot;:&quot;&quot;,&quot;sizes&quot;:[]},&quot;dropdown_border_radius&quot;:{&quot;unit&quot;:&quot;px&quot;,&quot;top&quot;:&quot;&quot;,&quot;right&quot;:&quot;&quot;,&quot;bottom&quot;:&quot;&quot;,&quot;left&quot;:&quot;&quot;,&quot;isLinked&quot;:true},&quot;dropdown_border_radius_tablet&quot;:{&quot;unit&quot;:&quot;px&quot;,&quot;top&quot;:&quot;&quot;,&quot;right&quot;:&quot;&quot;,&quot;bottom&quot;:&quot;&quot;,&quot;left&quot;:&quot;&quot;,&quot;isLinked&quot;:true},&quot;dropdown_border_radius_mobile&quot;:{&quot;unit&quot;:&quot;px&quot;,&quot;top&quot;:&quot;&quot;,&quot;right&quot;:&quot;&quot;,&quot;bottom&quot;:&quot;&quot;,&quot;left&quot;:&quot;&quot;,&quot;isLinked&quot;:true},&quot;width_dropdown_item&quot;:{&quot;unit&quot;:&quot;px&quot;,&quot;size&quot;:&quot;220&quot;,&quot;sizes&quot;:[]},&quot;width_dropdown_item_tablet&quot;:{&quot;unit&quot;:&quot;px&quot;,&quot;size&quot;:&quot;&quot;,&quot;sizes&quot;:[]},&quot;width_dropdown_item_mobile&quot;:{&quot;unit&quot;:&quot;px&quot;,&quot;size&quot;:&quot;&quot;,&quot;sizes&quot;:[]},&quot;padding_horizontal_dropdown_item&quot;:{&quot;unit&quot;:&quot;px&quot;,&quot;size&quot;:&quot;&quot;,&quot;sizes&quot;:[]},&quot;padding_horizontal_dropdown_item_tablet&quot;:{&quot;unit&quot;:&quot;px&quot;,&quot;size&quot;:&quot;&quot;,&quot;sizes&quot;:[]},&quot;padding_horizontal_dropdown_item_mobile&quot;:{&quot;unit&quot;:&quot;px&quot;,&quot;size&quot;:&quot;&quot;,&quot;sizes&quot;:[]},&quot;padding_vertical_dropdown_item&quot;:{&quot;unit&quot;:&quot;px&quot;,&quot;size&quot;:15,&quot;sizes&quot;:[]},&quot;padding_vertical_dropdown_item_tablet&quot;:{&quot;unit&quot;:&quot;px&quot;,&quot;size&quot;:&quot;&quot;,&quot;sizes&quot;:[]},&quot;padding_vertical_dropdown_item_mobile&quot;:{&quot;unit&quot;:&quot;px&quot;,&quot;size&quot;:&quot;&quot;,&quot;sizes&quot;:[]},&quot;distance_from_menu&quot;:{&quot;unit&quot;:&quot;px&quot;,&quot;size&quot;:&quot;&quot;,&quot;sizes&quot;:[]},&quot;distance_from_menu_tablet&quot;:{&quot;unit&quot;:&quot;px&quot;,&quot;size&quot;:&quot;&quot;,&quot;sizes&quot;:[]},&quot;distance_from_menu_mobile&quot;:{&quot;unit&quot;:&quot;px&quot;,&quot;size&quot;:&quot;&quot;,&quot;sizes&quot;:[]},&quot;toggle_size&quot;:{&quot;unit&quot;:&quot;px&quot;,&quot;size&quot;:&quot;&quot;,&quot;sizes&quot;:[]},&quot;toggle_size_tablet&quot;:{&quot;unit&quot;:&quot;px&quot;,&quot;size&quot;:&quot;&quot;,&quot;sizes&quot;:[]},&quot;toggle_size_mobile&quot;:{&quot;unit&quot;:&quot;px&quot;,&quot;size&quot;:&quot;&quot;,&quot;sizes&quot;:[]},&quot;toggle_border_width&quot;:{&quot;unit&quot;:&quot;px&quot;,&quot;size&quot;:&quot;&quot;,&quot;sizes&quot;:[]},&quot;toggle_border_width_tablet&quot;:{&quot;unit&quot;:&quot;px&quot;,&quot;size&quot;:&quot;&quot;,&quot;sizes&quot;:[]},&quot;toggle_border_width_mobile&quot;:{&quot;unit&quot;:&quot;px&quot;,&quot;size&quot;:&quot;&quot;,&quot;sizes&quot;:[]},&quot;toggle_border_radius&quot;:{&quot;unit&quot;:&quot;px&quot;,&quot;size&quot;:&quot;&quot;,&quot;sizes&quot;:[]},&quot;toggle_border_radius_tablet&quot;:{&quot;unit&quot;:&quot;px&quot;,&quot;size&quot;:&quot;&quot;,&quot;sizes&quot;:[]},&quot;toggle_border_radius_mobile&quot;:{&quot;unit&quot;:&quot;px&quot;,&quot;size&quot;:&quot;&quot;,&quot;sizes&quot;:[]}}\" data-widget_type=\"navigation-menu.default\">\n\t\t\t\t<div class=\"elementor-widget-container\">\n\t\t\t\t\t\t\t\t<div class=\"hfe-nav-menu hfe-layout-horizontal hfe-nav-menu-layout horizontal hfe-pointer__none\" data-layout=\"horizontal\">\n\t\t\t\t<div role=\"button\" class=\"hfe-nav-menu__toggle elementor-clickable\" tabindex=\"0\" aria-label=\"Menu Toggle\">\n\t\t\t\t\t<span class=\"screen-reader-text\">Men\u00fa<\/span>\n\t\t\t\t\t<div class=\"hfe-nav-menu-icon\">\n\t\t\t\t\t\t<i aria-hidden=\"true\"  class=\"fas fa-align-justify\"><\/i>\t\t\t\t\t<\/div>\n\t\t\t\t<\/div>\n\t\t\t\t<nav class=\"hfe-nav-menu__layout-horizontal hfe-nav-menu__submenu-arrow\" data-toggle-icon=\"&lt;i aria-hidden=&quot;true&quot; tabindex=&quot;0&quot; class=&quot;fas fa-align-justify&quot;&gt;&lt;\/i&gt;\" data-close-icon=\"&lt;i aria-hidden=&quot;true&quot; tabindex=&quot;0&quot; class=&quot;far fa-window-close&quot;&gt;&lt;\/i&gt;\" data-full-width=\"yes\">\n\t\t\t\t\t<ul id=\"menu-1-05e9632\" class=\"hfe-nav-menu\"><li id=\"menu-item-29\" class=\"menu-item menu-item-type-post_type menu-item-object-page menu-item-home parent hfe-creative-menu\"><a href=\"https:\/\/campingdontaco.com\/es\/\" class = \"hfe-menu-item\">HOME<\/a><\/li>\n<li id=\"menu-item-1481\" class=\"menu-item menu-item-type-post_type menu-item-object-page menu-item-has-children parent hfe-has-submenu hfe-creative-menu\"><div class=\"hfe-has-submenu-container\" tabindex=\"0\" role=\"button\" aria-haspopup=\"true\" aria-expanded=\"false\"><a href=\"https:\/\/campingdontaco.com\/es\/don-taco-rv-park-bahia-de-san-agustin\/\" class = \"hfe-menu-item\">ABOUT<span class='hfe-menu-toggle sub-arrow hfe-menu-child-0'><i class='fa'><\/i><\/span><\/a><\/div>\n<ul class=\"sub-menu\">\n\t<li id=\"menu-item-1902\" class=\"menu-item menu-item-type-post_type menu-item-object-page hfe-creative-menu\"><a href=\"https:\/\/campingdontaco.com\/es\/don-taco-campsite-reviews-bahia-san-agustin\/\" class = \"hfe-sub-menu-item\">Our Reviews<\/a><\/li>\n<\/ul>\n<\/li>\n<li id=\"menu-item-2937\" class=\"menu-item menu-item-type-custom menu-item-object-custom menu-item-has-children parent hfe-has-submenu hfe-creative-menu\"><div class=\"hfe-has-submenu-container\" tabindex=\"0\" role=\"button\" aria-haspopup=\"true\" aria-expanded=\"false\"><a href=\"#\" class = \"hfe-menu-item\">THINGS TO DO<span class='hfe-menu-toggle sub-arrow hfe-menu-child-0'><i class='fa'><\/i><\/span><\/a><\/div>\n<ul class=\"sub-menu\">\n\t<li id=\"menu-item-1483\" class=\"menu-item menu-item-type-post_type menu-item-object-page hfe-creative-menu\"><a href=\"https:\/\/campingdontaco.com\/es\/snorkeling-bahia-san-agustin\/\" class = \"hfe-sub-menu-item\">SNORKELING<\/a><\/li>\n\t<li id=\"menu-item-1505\" class=\"menu-item menu-item-type-post_type menu-item-object-page hfe-creative-menu\"><a href=\"https:\/\/campingdontaco.com\/es\/whales-dolphins-tour\/\" class = \"hfe-sub-menu-item\">WHALES &#038; DOLPHINS<\/a><\/li>\n\t<li id=\"menu-item-1484\" class=\"menu-item menu-item-type-post_type menu-item-object-page hfe-creative-menu\"><a href=\"https:\/\/campingdontaco.com\/es\/sportfishing-bahia-san-agustin\/\" class = \"hfe-sub-menu-item\">SPORTFISHING<\/a><\/li>\n\t<li id=\"menu-item-1482\" class=\"menu-item menu-item-type-post_type menu-item-object-page hfe-creative-menu\"><a href=\"https:\/\/campingdontaco.com\/es\/bahia-san-agustin-things-to-do\/\" class = \"hfe-sub-menu-item\">BAHIA SAN AGUSTIN TOURS AND THINGS TO DO<\/a><\/li>\n<\/ul>\n<\/li>\n<li id=\"menu-item-640\" class=\"menu-item menu-item-type-post_type menu-item-object-page parent hfe-creative-menu\"><a href=\"https:\/\/campingdontaco.com\/es\/contact-us-faqs\/\" class = \"hfe-menu-item\">CONTACT<\/a><\/li>\n<li id=\"menu-item-1118\" class=\"trp-language-switcher-container menu-item menu-item-type-post_type menu-item-object-language_switcher current-language-menu-item parent hfe-creative-menu\"><a href=\"https:\/\/campingdontaco.com\/es\/wp-json\/wp\/v2\/pages\/1266#TRPLINKPROCESSED\" class = \"hfe-menu-item\"><span data-no-translation><img decoding=\"async\" class=\"trp-flag-image\" src=\"https:\/\/campingdontaco.com\/wp-content\/plugins\/translatepress-multilingual\/assets\/images\/flags\/es_MX.png\" width=\"18\" height=\"12\" alt=\"es_MX\" title=\"traducir p\u00e1gina web al espa\u00f1ol\"><span class=\"trp-ls-language-name\">traducir p\u00e1gina web al espa\u00f1ol<\/span><\/span><\/a><\/li>\n<\/ul> \n\t\t\t\t<\/nav>\n\t\t\t<\/div>\n\t\t\t\t\t\t\t<\/div>\n\t\t\t\t<\/div>\n\t\t\t\t\t<\/div>\n\t\t\t\t<\/div>\n\t\t<div class=\"elementor-element elementor-element-599ed8d e-flex e-con-boxed e-con e-parent\" data-id=\"599ed8d\" data-element_type=\"container\" data-e-type=\"container\" data-settings=\"{&quot;_ha_eqh_enable&quot;:false}\">\n\t\t\t\t\t<div class=\"e-con-inner\">\n\t\t\t\t<div class=\"elementor-element elementor-element-b1abbe4 elementor-widget elementor-widget-heading\" data-id=\"b1abbe4\" data-element_type=\"widget\" data-e-type=\"widget\" data-widget_type=\"heading.default\">\n\t\t\t\t<div class=\"elementor-widget-container\">\n\t\t\t\t\t<h2 class=\"elementor-heading-title elementor-size-default\">BAHIA SAN AGUSTIN - TOURS AND THINGS TO DO<\/h2>\t\t\t\t<\/div>\n\t\t\t\t<\/div>\n\t\t\t\t\t<\/div>\n\t\t\t\t<\/div>\n\t\t<div class=\"elementor-element elementor-element-d0c78dd e-flex e-con-boxed e-con e-parent\" data-id=\"d0c78dd\" data-element_type=\"container\" data-e-type=\"container\" data-settings=\"{&quot;_ha_eqh_enable&quot;:false}\">\n\t\t\t\t\t<div class=\"e-con-inner\">\n\t\t\t\t<div class=\"elementor-element elementor-element-94d36c7 elementor-widget elementor-widget-html\" data-id=\"94d36c7\" data-element_type=\"widget\" data-e-type=\"widget\" data-widget_type=\"html.default\">\n\t\t\t\t<div class=\"elementor-widget-container\">\n\t\t\t\t\t<iframe width=\"560\" height=\"450\" src=\"https:\/\/www.youtube.com\/embed\/sfLnLWzWHzI?si=E2NLOs3v8QMhClaN\" title=\"YouTube video player\" frameborder=\"0\" allow=\"accelerometer; autoplay; clipboard-write; encrypted-media; gyroscope; picture-in-picture; web-share\" allowfullscreen><\/iframe>\t\t\t\t<\/div>\n\t\t\t\t<\/div>\n\t\t\t\t\t<\/div>\n\t\t\t\t<\/div>\n\t\t<div class=\"elementor-element elementor-element-c1abc9d e-flex e-con-boxed e-con e-parent\" data-id=\"c1abc9d\" data-element_type=\"container\" data-e-type=\"container\" data-settings=\"{&quot;_ha_eqh_enable&quot;:false}\">\n\t\t\t\t\t<div class=\"e-con-inner\">\n\t\t\t\t<div class=\"elementor-element elementor-element-a087be2 elementor-widget elementor-widget-text-editor\" data-id=\"a087be2\" data-element_type=\"widget\" data-e-type=\"widget\" data-widget_type=\"text-editor.default\">\n\t\t\t\t<div class=\"elementor-widget-container\">\n\t\t\t\t\t\t\t\t\t<article class=\"text-token-text-primary w-full\" dir=\"auto\" data-testid=\"conversation-turn-2\" data-scroll-anchor=\"false\"><div class=\"text-base my-auto mx-auto [--thread-content-margin:--spacing(4)] @[37rem]:[--thread-content-margin:--spacing(6)] @[72rem]:[--thread-content-margin:--spacing(16)] px-(--thread-content-margin)\"><div class=\"[--thread-content-max-width:32rem] @[34rem]:[--thread-content-max-width:40rem] @[64rem]:[--thread-content-max-width:48rem] mx-auto flex max-w-(--thread-content-max-width) flex-1 text-base gap-4 md:gap-5 lg:gap-6 group\/turn-messages focus-visible:outline-hidden\" tabindex=\"-1\"><div class=\"group\/conversation-turn relative flex w-full min-w-0 flex-col agent-turn\"><div class=\"relative flex-col gap-1 md:gap-3\"><div class=\"flex max-w-full flex-col grow\"><div class=\"min-h-8 text-message relative flex w-full flex-col items-end gap-2 text-start break-words whitespace-normal [.text-message+&amp;]:mt-5\" dir=\"auto\" data-message-author-role=\"assistant\" data-message-id=\"96da10f4-0a7f-4522-8d9b-44d45954f1bb\" data-message-model-slug=\"gpt-4o\"><div class=\"flex w-full flex-col gap-1 empty:hidden first:pt-[3px]\"><div class=\"markdown prose dark:prose-invert w-full break-words dark\"><h3 data-start=\"330\" data-end=\"385\"><strong data-start=\"330\" data-end=\"385\">Discover the Best Things to Do in Bah\u00eda San Agust\u00edn<\/strong><\/h3><p data-start=\"387\" data-end=\"844\">Located on the untouched coastline of Oaxaca, <strong data-start=\"433\" data-end=\"454\">Bah\u00eda San Agust\u00edn<\/strong> is a paradise for travelers craving adventure, tranquility, and authentic local flavor. At the heart of it all is <strong data-start=\"569\" data-end=\"613\">Don Taco RV Park in Bah\u00eda de San Agust\u00edn<\/strong>, your gateway to the region\u2019s most unforgettable activities. Whether you&#8217;re parking your campervan under swaying palms or just stopping by for the day, Don Taco offers access to the best tours and experiences the bay has to offer.<\/p><p data-start=\"846\" data-end=\"1403\">Start your ocean adventure with our popular <strong data-start=\"890\" data-end=\"985\"><a class=\"\" href=\"https:\/\/campingdontaco.com\/snorkeling-bahia-san-agustin\/\" target=\"_new\" rel=\"noopener\" data-start=\"892\" data-end=\"983\">snorkeling in Bah\u00eda San Agust\u00edn<\/a><\/strong> experience. This protected bay is home to some of the <strong data-start=\"1040\" data-end=\"1103\">clearest waters and richest marine biodiversity in Huatulco<\/strong>, making it perfect for spotting angelfish, rays, and vibrant coral reefs. For those craving a bigger thrill, <strong data-start=\"1213\" data-end=\"1312\"><a class=\"\" href=\"https:\/\/campingdontaco.com\/sportfishing-bahia-san-agustin\/\" target=\"_new\" rel=\"noopener\" data-start=\"1215\" data-end=\"1310\">sportfishing in Bah\u00eda San Agust\u00edn<\/a><\/strong> delivers the excitement of catching mahi-mahi, tuna, and more\u2014all within minutes of shore.<\/p><p data-start=\"1405\" data-end=\"1850\">Nature lovers won&#8217;t want to miss our <strong data-start=\"1442\" data-end=\"1522\"><a class=\"\" href=\"https:\/\/campingdontaco.com\/whales-dolphins-tour\/\" target=\"_new\" rel=\"noopener\" data-start=\"1444\" data-end=\"1520\">Whales and Dolphins Tour<\/a><\/strong>, available seasonally from November to April. These guided boat excursions provide an awe-inspiring look at humpback whales breaching and pods of dolphins surfing the wake. Back on land, scenic <strong data-start=\"1717\" data-end=\"1742\">coastal hiking trails<\/strong> lead to breathtaking lookout points, hidden coves, and dramatic rock formations that few tourists ever see.<\/p><p data-start=\"1852\" data-end=\"2328\">After your adventures, recharge with <strong data-start=\"1889\" data-end=\"1931\">fresh seafood at beachside restaurants<\/strong>, known for their grilled fish, ceviche, and icy micheladas. Locals are always happy to recommend their favorite spots\u2014many within walking distance of <strong data-start=\"2082\" data-end=\"2171\"><a class=\"\" href=\"https:\/\/campingdontaco.com\/don-taco-rv-park-bahia-de-san-agustin\/\" target=\"_new\" rel=\"noopener\" data-start=\"2084\" data-end=\"2169\">Don Taco RV Park<\/a><\/strong>. Whether you&#8217;re camping, snorkeling, fishing, or just soaking up the sun, Bah\u00eda San Agust\u00edn offers a slice of paradise that\u2019s both authentic and affordable.<\/p><\/div><\/div><\/div><\/div><div class=\"mx-[var(--mini-thread-content-inset)]\"><div class=\"flex min-h-[46px] justify-start\"><div class=\"touch:-me-2 touch:-ms-3.5 -ms-2.5 -me-1 flex flex-wrap items-center gap-y-4 p-1 select-none touch:w-[calc(100%+--spacing(3.5))] -mt-1 w-[calc(100%+--spacing(2.5))] duration-[1.5s] focus-within:transition-none hover:transition-none pointer-events-none [mask-image:linear-gradient(to_right,black_33%,transparent_66%)] [mask-size:300%_100%] [mask-position:100%_0%] motion-safe:transition-[mask-position] group-hover\/turn-messages:pointer-events-auto group-hover\/turn-messages:[mask-position:0_0] group-focus-within\/turn-messages:pointer-events-auto group-focus-within\/turn-messages:[mask-position:0_0] has-data-[state=open]:pointer-events-auto has-data-[state=open]:[mask-position:0_0]\">\u00a0<\/div><\/div><\/div><\/div><\/div><\/div><\/div><\/article><article class=\"text-token-text-primary w-full\" dir=\"auto\" data-testid=\"conversation-turn-4\" data-scroll-anchor=\"true\"><div class=\"text-base my-auto mx-auto pb-10 [--thread-content-margin:--spacing(4)] @[37rem]:[--thread-content-margin:--spacing(6)] @[72rem]:[--thread-content-margin:--spacing(16)] px-(--thread-content-margin)\"><div class=\"[--thread-content-max-width:32rem] @[34rem]:[--thread-content-max-width:40rem] @[64rem]:[--thread-content-max-width:48rem] mx-auto flex max-w-(--thread-content-max-width) flex-1 text-base gap-4 md:gap-5 lg:gap-6 group\/turn-messages focus-visible:outline-hidden\" tabindex=\"-1\"><div class=\"group\/conversation-turn relative flex w-full min-w-0 flex-col agent-turn\"><div class=\"relative flex-col gap-1 md:gap-3\"><div class=\"flex max-w-full flex-col grow\"><div class=\"min-h-8 text-message relative flex w-full flex-col items-end gap-2 text-start break-words whitespace-normal [.text-message+&amp;]:mt-5\" dir=\"auto\" data-message-author-role=\"assistant\" data-message-id=\"c9d0a618-5bcb-4a54-a8fa-e933c8d93257\" data-message-model-slug=\"gpt-4o\"><div class=\"flex w-full flex-col gap-1 empty:hidden first:pt-[3px]\"><div class=\"markdown prose dark:prose-invert w-full break-words dark\"><p data-start=\"317\" data-end=\"380\"><strong data-start=\"317\" data-end=\"380\">Where to Eat in Bah\u00eda San Agust\u00edn: Fresh Flavors by the Sea<\/strong><\/p><p data-start=\"382\" data-end=\"819\">No visit to <strong data-start=\"394\" data-end=\"415\">Bah\u00eda San Agust\u00edn<\/strong> is complete without diving into the local food scene. This hidden gem on the Oaxacan coast may be small, but it packs serious culinary punch. Beachfront palapas and family-run eateries serve up some of the <strong data-start=\"622\" data-end=\"652\">freshest seafood in Oaxaca<\/strong>, often caught just hours before it hits your plate. Grilled whole snapper, garlic-lime shrimp, and spicy octopus tacos are favorites among travelers and locals alike.<\/p><p data-start=\"821\" data-end=\"1226\">In addition to ocean-fresh fare, you\u2019ll also find traditional <strong data-start=\"883\" data-end=\"902\">Oaxacan cuisine<\/strong>, like tlayudas, mole negro, and hand-pressed tortillas filled with quesillo and local herbs. Many restaurants cook over open fires and serve with ocean views, making even a casual lunch feel like a memorable event. Don\u2019t forget to try a fresh coconut or a chilled mezcal cocktail as you watch the sun dip below the horizon.<\/p><p data-start=\"1228\" data-end=\"1568\">The town of San Agust\u00edn itself is small but full of charm. Friendly locals, colorful homes, and a laid-back atmosphere make it the perfect place to unwind. Strolling along the beach, browsing artisanal vendors, or enjoying live music during weekends gives you a taste of authentic <strong data-start=\"1509\" data-end=\"1533\">Oaxacan coastal life<\/strong>\u2014unspoiled, welcoming, and vibrant.<\/p><p data-start=\"1570\" data-end=\"1949\">For travelers looking for <strong data-start=\"1596\" data-end=\"1643\">an authentic escape from the tourist crowds<\/strong>, Bah\u00eda San Agust\u00edn offers the perfect blend of nature, culture, and flavor. Whether you&#8217;re here for the adventure tours, the rich marine life, or simply to relax with great food and great company, this corner of Oaxaca delivers an experience that\u2019s both unforgettable and deeply rooted in local tradition.<\/p><\/div><\/div><\/div><\/div><\/div><\/div><\/div><\/div><\/article>\t\t\t\t\t\t\t\t<\/div>\n\t\t\t\t<\/div>\n\t\t\t\t\t<\/div>\n\t\t\t\t<\/div>\n\t\t<div class=\"elementor-element elementor-element-182b8ca2 e-flex e-con-boxed e-con e-parent\" data-id=\"182b8ca2\" data-element_type=\"container\" data-e-type=\"container\" data-settings=\"{&quot;_ha_eqh_enable&quot;:false}\">\n\t\t\t\t\t<div class=\"e-con-inner\">\n\t\t\t\t<div class=\"elementor-element elementor-element-7e51ca3e elementor-widget elementor-widget-html\" data-id=\"7e51ca3e\" data-element_type=\"widget\" data-e-type=\"widget\" data-widget_type=\"html.default\">\n\t\t\t\t<div class=\"elementor-widget-container\">\n\t\t\t\t\t<script src=\"https:\/\/static.elfsight.com\/platform\/platform.js\" data-use-service-core defer><\/script>\r\n<div class=\"elfsight-app-cdc63f61-98ef-4a8f-9fff-b950ffba0ffb\" data-elfsight-app-lazy><\/div>\t\t\t\t<\/div>\n\t\t\t\t<\/div>\n\t\t\t\t\t<\/div>\n\t\t\t\t<\/div>\n\t\t\t\t<\/div>\n\t\t","protected":false},"excerpt":{"rendered":"<p>Menu HOME ABOUT Our Reviews THINGS TO DO SNORKELING WHALES &#038; DOLPHINS SPORTFISHING BAHIA TOURS CONTACT WhatsApp +52 958 144 9032 Espa\u00f1ol de M\u00e9xico BAHIA SAN AGUSTIN &#8211; TOURS AND THINGS TO DO Discover the Best Things to Do in Bah\u00eda San Agust\u00edn Located on the untouched coastline of Oaxaca, Bah\u00eda San Agust\u00edn is a [&hellip;]<\/p>\n","protected":false},"author":1,"featured_media":0,"parent":0,"menu_order":0,"comment_status":"closed","ping_status":"closed","template":"","meta":{"footnotes":""},"class_list":["post-1266","page","type-page","status-publish","hentry"],"_links":{"self":[{"href":"https:\/\/campingdontaco.com\/es\/wp-json\/wp\/v2\/pages\/1266","targetHints":{"allow":["GET"]}}],"collection":[{"href":"https:\/\/campingdontaco.com\/es\/wp-json\/wp\/v2\/pages"}],"about":[{"href":"https:\/\/campingdontaco.com\/es\/wp-json\/wp\/v2\/types\/page"}],"author":[{"embeddable":true,"href":"https:\/\/campingdontaco.com\/es\/wp-json\/wp\/v2\/users\/1"}],"replies":[{"embeddable":true,"href":"https:\/\/campingdontaco.com\/es\/wp-json\/wp\/v2\/comments?post=1266"}],"version-history":[{"count":23,"href":"https:\/\/campingdontaco.com\/es\/wp-json\/wp\/v2\/pages\/1266\/revisions"}],"predecessor-version":[{"id":3141,"href":"https:\/\/campingdontaco.com\/es\/wp-json\/wp\/v2\/pages\/1266\/revisions\/3141"}],"wp:attachment":[{"href":"https:\/\/campingdontaco.com\/es\/wp-json\/wp\/v2\/media?parent=1266"}],"curies":[{"name":"wp","href":"https:\/\/api.w.org\/{rel}","templated":true}]}}